{"id":1477,"date":"2026-01-10T06:29:41","date_gmt":"2026-01-10T06:29:41","guid":{"rendered":"https:\/\/jiangjingstone.com\/?page_id=1477"},"modified":"2026-01-12T05:14:38","modified_gmt":"2026-01-12T05:14:38","slug":"all-products","status":"publish","type":"page","link":"https:\/\/jiangjingstone.com\/de\/all-products\/","title":{"rendered":"All products"},"content":{"rendered":"<div data-elementor-type=\"wp-page\" data-elementor-id=\"1477\" class=\"elementor elementor-1477\" data-elementor-post-type=\"page\">\n\t\t\t\t<div data-ekitparallax=\"{&quot;ekit_section_parallax_bg&quot;:&quot;yes&quot;,&quot;ekit_section_parallax_bg_speed&quot;:&quot;0.7&quot;,&quot;elementor_lazy_load&quot;:&quot;1&quot;}\" data-particle_enable=\"false\" data-particle-mobile-disabled=\"false\" class=\"elementor-element elementor-element-789cef26 e-flex e-con-boxed e-con e-parent\" data-id=\"789cef26\" data-element_type=\"container\" data-settings=\"{&quot;background_background&quot;:&quot;classic&quot;,&quot;ekit_has_onepagescroll_dot&quot;:&quot;yes&quot;}\">\n\t\t\t\t\t<div class=\"e-con-inner\">\n\t\t\t\t<div class=\"elementor-element elementor-element-70f324d1 elementor-widget elementor-widget-elementskit-fancy-animated-text\" data-id=\"70f324d1\" data-element_type=\"widget\" data-settings=\"{&quot;ekit_we_effect_on&quot;:&quot;none&quot;}\" data-widget_type=\"elementskit-fancy-animated-text.default\">\n\t\t\t\t<div class=\"elementor-widget-container\">\n\t\t\t\t\t<div class=\"ekit-wid-con\" >            <h2 class=\"ekit-fancy-text letters rotate-2\" data-id=\"70f324d1\" data-animation-settings=\"{&quot;animationStyle&quot;:&quot;animated&quot;,&quot;animationDelay&quot;:2000,&quot;loadingBar&quot;:3800,&quot;lettersDelay&quot;:100,&quot;typeLettersDelay&quot;:150,&quot;duration&quot;:500,&quot;revealDuration&quot;:600,&quot;revealAnimationDelay&quot;:1500}\">\n                \t\t\t<span class=\"ekit-fancy-prefix-text\">\n\t\t\t\tAlle\t\t\t<\/span>\n\t\t\t\t\t\t<span class=\"ekit-fancy-text-lists\">\n\t\t\t\t\t\t\t\t\t\t<b class=\"ekit-fancy-text elementor-repeater-item-2de6287 is-visible\">Produkte<\/b>\n\t\t\t\t\t\t\t\t\t\t<b class=\"ekit-fancy-text elementor-repeater-item-5b7c50b\">Produkte<\/b>\n\t\t\t\t\t\t\t\t\t\t<b class=\"ekit-fancy-text elementor-repeater-item-f83421a\">Produkte<\/b>\n\t\t\t\t\t\t\t\t\t<\/span>\n\t\t\t            <\/h2>\n        <\/div>\t\t\t\t<\/div>\n\t\t\t\t<\/div>\n\t\t\t\t\t<\/div>\n\t\t\t\t<\/div>\n\t\t<div data-particle_enable=\"false\" data-particle-mobile-disabled=\"false\" class=\"elementor-element elementor-element-00345fd e-flex e-con-boxed e-con e-parent\" data-id=\"00345fd\" data-element_type=\"container\" data-settings=\"{&quot;ekit_has_onepagescroll_dot&quot;:&quot;yes&quot;}\">\n\t\t\t\t\t<div class=\"e-con-inner\">\n\t\t\t\t<div class=\"elementor-element elementor-element-fc9c176 elementor-widget elementor-widget-eael-woo-product-list\" data-id=\"fc9c176\" data-element_type=\"widget\" data-settings=\"{&quot;ekit_we_effect_on&quot;:&quot;none&quot;}\" data-widget_type=\"eael-woo-product-list.default\">\n\t\t\t\t\t\n        <div class=\"eael-product-list-wrapper preset-3\">\n            <div class=\"eael-product-list-body woocommerce\">\n                <div class=\"eael-product-list-container\">\n                    <div class=\"eael-post-appender\">\n                        <div class=\"product post-1291 type-product status-publish has-post-thumbnail product_cat-uncategorized desktop-align-left tablet-align-left mobile-align-left ast-product-gallery-layout-horizontal-slider ast-product-tabs-layout-horizontal first instock shipping-taxable product-type-simple\">\n    <div class=\"eael-product-list-item\">\n        \n        <div class=\"eael-product-list-image-wrap\">\n                                                    \n                                            \n            <a href=\"https:\/\/jiangjingstone.com\/de\/produkt\/venice-brown-marble\/\" class=\"woocommerce-LoopProduct-link woocommerce-loop-product__link\" >\n            \n                <img fetchpriority=\"high\" decoding=\"async\" width=\"300\" height=\"169\" src=\"https:\/\/jiangjingstone.com\/wp-content\/uploads\/2026\/01\/dji_mimo_20260104_151806_0_1767515984769_photo-1-300x169.jpg\" class=\"attachment-medium size-medium\" alt=\"Venice Brown Marble\" loading=\"eager\" \/>            \n                               \n            <\/a>\n            \n                        <ul class=\"eael-product-list-buttons-on-hover\">\n                \n                \n                            <\/ul>\n                    <\/div>\n\n        <div class=\"eael-product-list-content-wrap\">\n                        <h2 class=\"eael-product-list-title\">\n                                <a href=\"https:\/\/jiangjingstone.com\/de\/produkt\/venice-brown-marble\/\" class=\"woocommerce-LoopProduct-link woocommerce-loop-product__link\" target=\"_blank\">\n                    Venedig Brauner Marmor                <\/a>\n                            <\/h2>\n                    \n            <div class=\"eael-product-list-content-header\" >\n                            <\/div>\n            <div class=\"eael-product-list-content-body\">\n                \n                                <div class=\"eael-product-list-excerpt\">\n                    Der Marmor Venice Brown mit seinem warmen braunen Grundton und der einzigartigen Maserung ist ein Meisterwerk der Natur. Langlebig und pflegeleicht, eignet er sich f\u00fcr verschiedene hochwertige Anwendungen und unterstreicht die...                 <\/div>\n                \n                            <\/div>\n            <div class=\"eael-product-list-content-footer\">\n                                <div class=\"eael-product-list-buttons\">\n                    \n                    \n                    <div class=\"eael-product-list-notice eael-product-list-notice-shiping-free\">\n                                            <\/div>\n                <\/div>\n                            <\/div>\n        <\/div>\n    <\/div>\n<\/div><div class=\"product post-1265 type-product status-publish has-post-thumbnail product_cat-uncategorized desktop-align-left tablet-align-left mobile-align-left ast-product-gallery-layout-horizontal-slider ast-product-tabs-layout-horizontal  instock shipping-taxable product-type-simple\">\n    <div class=\"eael-product-list-item\">\n        \n        <div class=\"eael-product-list-image-wrap\">\n                                                    \n                                            \n            <a href=\"https:\/\/jiangjingstone.com\/de\/produkt\/blue-golden-sand-marble\/\" class=\"woocommerce-LoopProduct-link woocommerce-loop-product__link\" >\n            \n                <img decoding=\"async\" width=\"300\" height=\"169\" data-src=\"https:\/\/jiangjingstone.com\/wp-content\/smush-webp\/2026\/01\/dji_mimo_20260103_161452_0_1767516049278_photo-1-300x169.jpg.webp\" class=\"attachment-medium size-medium lazyload\" alt=\"Blue Golden Sand Marble\" src=\"data:image\/svg+xml;base64,PHN2ZyB3aWR0aD0iMSIgaGVpZ2h0PSIxIiB4bWxucz0iaHR0cDovL3d3dy53My5vcmcvMjAwMC9zdmciPjwvc3ZnPg==\" style=\"--smush-placeholder-width: 300px; --smush-placeholder-aspect-ratio: 300\/169;\" data-smush-webp-fallback=\"{&quot;data-src&quot;:&quot;https:\\\/\\\/jiangjingstone.com\\\/wp-content\\\/uploads\\\/2026\\\/01\\\/dji_mimo_20260103_161452_0_1767516049278_photo-1-300x169.jpg&quot;}\" \/>            \n                               \n            <\/a>\n            \n                        <ul class=\"eael-product-list-buttons-on-hover\">\n                \n                \n                            <\/ul>\n                    <\/div>\n\n        <div class=\"eael-product-list-content-wrap\">\n                        <h2 class=\"eael-product-list-title\">\n                                <a href=\"https:\/\/jiangjingstone.com\/de\/produkt\/blue-golden-sand-marble\/\" class=\"woocommerce-LoopProduct-link woocommerce-loop-product__link\" target=\"_blank\">\n                    Blau-Gold-Sand-Marmor                <\/a>\n                            <\/h2>\n                    \n            <div class=\"eael-product-list-content-header\" >\n                            <\/div>\n            <div class=\"eael-product-list-content-body\">\n                \n                                <div class=\"eael-product-list-excerpt\">\n                    Der blaue Sandsteinmarmor hat einen blaugrauen Grundton mit goldenen \u00c4derungen, der an eine vertr\u00e4umte Sternengalaxie erinnert. Er ist hart, langlebig, schmutzabweisend und korrosionsbest\u00e4ndig und passt zu einer Vielzahl von Einrichtungsstilen...                 <\/div>\n                \n                            <\/div>\n            <div class=\"eael-product-list-content-footer\">\n                                <div class=\"eael-product-list-buttons\">\n                    \n                    \n                    <div class=\"eael-product-list-notice eael-product-list-notice-shiping-free\">\n                                            <\/div>\n                <\/div>\n                            <\/div>\n        <\/div>\n    <\/div>\n<\/div><div class=\"product post-1214 type-product status-publish has-post-thumbnail product_cat-uncategorized desktop-align-left tablet-align-left mobile-align-left ast-product-gallery-layout-horizontal-slider ast-product-tabs-layout-horizontal last instock shipping-taxable product-type-simple\">\n    <div class=\"eael-product-list-item\">\n        \n        <div class=\"eael-product-list-image-wrap\">\n                                                    \n                                            \n            <a href=\"https:\/\/jiangjingstone.com\/de\/produkt\/splendid-mountains-rivers-marble\/\" class=\"woocommerce-LoopProduct-link woocommerce-loop-product__link\" >\n            \n                <img decoding=\"async\" width=\"300\" height=\"169\" data-src=\"https:\/\/jiangjingstone.com\/wp-content\/smush-webp\/2026\/01\/dji_mimo_20260101_125428_0_1767249583189_photo-2-300x169.jpg.webp\" class=\"attachment-medium size-medium lazyload\" alt=\"Splendid Mountains &amp; Rivers Marble\" src=\"data:image\/svg+xml;base64,PHN2ZyB3aWR0aD0iMSIgaGVpZ2h0PSIxIiB4bWxucz0iaHR0cDovL3d3dy53My5vcmcvMjAwMC9zdmciPjwvc3ZnPg==\" style=\"--smush-placeholder-width: 300px; --smush-placeholder-aspect-ratio: 300\/169;\" data-smush-webp-fallback=\"{&quot;data-src&quot;:&quot;https:\\\/\\\/jiangjingstone.com\\\/wp-content\\\/uploads\\\/2026\\\/01\\\/dji_mimo_20260101_125428_0_1767249583189_photo-2-300x169.jpg&quot;}\" \/>            \n                               \n            <\/a>\n            \n                        <ul class=\"eael-product-list-buttons-on-hover\">\n                \n                \n                            <\/ul>\n                    <\/div>\n\n        <div class=\"eael-product-list-content-wrap\">\n                        <h2 class=\"eael-product-list-title\">\n                                <a href=\"https:\/\/jiangjingstone.com\/de\/produkt\/splendid-mountains-rivers-marble\/\" class=\"woocommerce-LoopProduct-link woocommerce-loop-product__link\" target=\"_blank\">\n                    Pr\u00e4chtige Berge &amp; Fl\u00fcsse Marmor                <\/a>\n                            <\/h2>\n                    \n            <div class=\"eael-product-list-content-header\" >\n                            <\/div>\n            <div class=\"eael-product-list-content-body\">\n                \n                                <div class=\"eael-product-list-excerpt\">\n                    Exquisite Marmorplatte \"Mountain - and - River\" mit einzigartigen schwarzen Mustern mit verwobenen grau-wei\u00dfen Adern, die an majest\u00e4tische Berge und flie\u00dfende Fl\u00fcsse erinnern. Hohe Qualit\u00e4t, hart, verschlei\u00dffest...                 <\/div>\n                \n                            <\/div>\n            <div class=\"eael-product-list-content-footer\">\n                                <div class=\"eael-product-list-buttons\">\n                    \n                    \n                    <div class=\"eael-product-list-notice eael-product-list-notice-shiping-free\">\n                                            <\/div>\n                <\/div>\n                            <\/div>\n        <\/div>\n    <\/div>\n<\/div><div class=\"product post-1061 type-product status-publish has-post-thumbnail product_cat-uncategorized desktop-align-left tablet-align-left mobile-align-left ast-product-gallery-layout-horizontal-slider ast-product-tabs-layout-horizontal first instock shipping-taxable product-type-simple\">\n    <div class=\"eael-product-list-item\">\n        \n        <div class=\"eael-product-list-image-wrap\">\n                                                    \n                                            \n            <a href=\"https:\/\/jiangjingstone.com\/de\/produkt\/bvlgari-crystal\/\" class=\"woocommerce-LoopProduct-link woocommerce-loop-product__link\" >\n            \n                <img decoding=\"async\" width=\"300\" height=\"169\" data-src=\"https:\/\/jiangjingstone.com\/wp-content\/smush-webp\/2026\/01\/dji_mimo_20260101_124934_0_1767249588077_photo-2-300x169.jpg.webp\" class=\"attachment-medium size-medium lazyload\" alt=\"Bvlgari Crystal\" src=\"data:image\/svg+xml;base64,PHN2ZyB3aWR0aD0iMSIgaGVpZ2h0PSIxIiB4bWxucz0iaHR0cDovL3d3dy53My5vcmcvMjAwMC9zdmciPjwvc3ZnPg==\" style=\"--smush-placeholder-width: 300px; --smush-placeholder-aspect-ratio: 300\/169;\" data-smush-webp-fallback=\"{&quot;data-src&quot;:&quot;https:\\\/\\\/jiangjingstone.com\\\/wp-content\\\/uploads\\\/2026\\\/01\\\/dji_mimo_20260101_124934_0_1767249588077_photo-2-300x169.jpg&quot;}\" \/>            \n                               \n            <\/a>\n            \n                        <ul class=\"eael-product-list-buttons-on-hover\">\n                \n                \n                            <\/ul>\n                    <\/div>\n\n        <div class=\"eael-product-list-content-wrap\">\n                        <h2 class=\"eael-product-list-title\">\n                                <a href=\"https:\/\/jiangjingstone.com\/de\/produkt\/bvlgari-crystal\/\" class=\"woocommerce-LoopProduct-link woocommerce-loop-product__link\" target=\"_blank\">\n                    Bvlgari Kristall                <\/a>\n                            <\/h2>\n                    \n            <div class=\"eael-product-list-content-header\" >\n                            <\/div>\n            <div class=\"eael-product-list-content-body\">\n                \n                                <div class=\"eael-product-list-excerpt\">\n                    Bvlgari Crystal kombiniert eine k\u00fchne schwarze Basis und wei\u00dfe flie\u00dfende Adern zu einem abstrakten nat\u00fcrlichen Muster; seine gl\u00e4nzende Oberfl\u00e4che schimmert im Licht, perfekt f\u00fcr luxuri\u00f6se W\u00e4nde und...                 <\/div>\n                \n                            <\/div>\n            <div class=\"eael-product-list-content-footer\">\n                                <div class=\"eael-product-list-buttons\">\n                    \n                    \n                    <div class=\"eael-product-list-notice eael-product-list-notice-shiping-free\">\n                                            <\/div>\n                <\/div>\n                            <\/div>\n        <\/div>\n    <\/div>\n<\/div><div class=\"product post-1009 type-product status-publish has-post-thumbnail product_cat-uncategorized desktop-align-left tablet-align-left mobile-align-left ast-product-gallery-layout-horizontal-slider ast-product-tabs-layout-horizontal  instock shipping-taxable product-type-simple\">\n    <div class=\"eael-product-list-item\">\n        \n        <div class=\"eael-product-list-image-wrap\">\n                                                    \n                                            \n            <a href=\"https:\/\/jiangjingstone.com\/de\/produkt\/bvlgari-green-marble\/\" class=\"woocommerce-LoopProduct-link woocommerce-loop-product__link\" >\n            \n                <img decoding=\"async\" width=\"300\" height=\"169\" data-src=\"https:\/\/jiangjingstone.com\/wp-content\/smush-webp\/2026\/01\/dji_mimo_20260103_173758_0_1767516008433_photo-2-300x169.jpg.webp\" class=\"attachment-medium size-medium lazyload\" alt=\"Bvlgari Green Marble\" src=\"data:image\/svg+xml;base64,PHN2ZyB3aWR0aD0iMSIgaGVpZ2h0PSIxIiB4bWxucz0iaHR0cDovL3d3dy53My5vcmcvMjAwMC9zdmciPjwvc3ZnPg==\" style=\"--smush-placeholder-width: 300px; --smush-placeholder-aspect-ratio: 300\/169;\" data-smush-webp-fallback=\"{&quot;data-src&quot;:&quot;https:\\\/\\\/jiangjingstone.com\\\/wp-content\\\/uploads\\\/2026\\\/01\\\/dji_mimo_20260103_173758_0_1767516008433_photo-2-300x169.jpg&quot;}\" \/>            \n                               \n            <\/a>\n            \n                        <ul class=\"eael-product-list-buttons-on-hover\">\n                \n                \n                            <\/ul>\n                    <\/div>\n\n        <div class=\"eael-product-list-content-wrap\">\n                        <h2 class=\"eael-product-list-title\">\n                                <a href=\"https:\/\/jiangjingstone.com\/de\/produkt\/bvlgari-green-marble\/\" class=\"woocommerce-LoopProduct-link woocommerce-loop-product__link\" target=\"_blank\">\n                    Bvlgari Gr\u00fcner Marmor                <\/a>\n                            <\/h2>\n                    \n            <div class=\"eael-product-list-content-header\" >\n                            <\/div>\n            <div class=\"eael-product-list-content-body\">\n                \n                                <div class=\"eael-product-list-excerpt\">\n                    Bvlgari Green Marble zeichnet sich durch seine dominanten tiefen und graugr\u00fcnen T\u00f6ne aus, die mit schwarzen Sprenkeln und flie\u00dfenden Adern durchzogen sind und an ein nat\u00fcrliches Landschaftsgem\u00e4lde erinnern. Seine polierte Oberfl\u00e4che f\u00e4ngt das Licht mit Brillanz ein, perfekt...                 <\/div>\n                \n                            <\/div>\n            <div class=\"eael-product-list-content-footer\">\n                                <div class=\"eael-product-list-buttons\">\n                    \n                    \n                    <div class=\"eael-product-list-notice eael-product-list-notice-shiping-free\">\n                                            <\/div>\n                <\/div>\n                            <\/div>\n        <\/div>\n    <\/div>\n<\/div>                    <\/div>\n\n                    \n                <\/div>\n            <\/div>\n        <\/div>\n\n\t\t\t\t\t\t<\/div>\n\t\t\t\t\t<\/div>\n\t\t\t\t<\/div>\n\t\t\t\t<\/div>","protected":false},"excerpt":{"rendered":"<p>All products products products Venice Brown Marble Venice Brown marble, with its warm brown base and unique veining, is a natural masterpiece. Durable and easy to maintain, it suits various high &#8211; end applications and enhances the&#8230; Blue Golden Sand Marble Blue Sandstone Marble features a blue-gray base accented with golden veining, evoking a dreamy, [&hellip;]<\/p>","protected":false},"author":1,"featured_media":0,"parent":0,"menu_order":0,"comment_status":"closed","ping_status":"closed","template":"","meta":{"site-sidebar-layout":"no-sidebar","site-content-layout":"page-builder","ast-site-content-layout":"full-width-container","site-content-style":"default","site-sidebar-style":"default","ast-global-header-display":"","ast-banner-title-visibility":"","ast-main-header-display":"","ast-hfb-above-header-display":"","ast-hfb-below-header-display":"","ast-hfb-mobile-header-display":"","site-post-title":"disabled","ast-breadcrumbs-content":"","ast-featured-img":"disabled","footer-sml-layout":"","theme-transparent-header-meta":"","adv-header-id-meta":"","stick-header-meta":"","header-above-stick-meta":"","header-main-stick-meta":"","header-below-stick-meta":"","astra-migrate-meta-layouts":"set","ast-page-background-enabled":"default","ast-page-background-meta":{"desktop":{"background-color":"","background-image":"","background-repeat":"repeat","background-position":"center center","background-size":"auto","background-attachment":"scroll","background-type":"","background-media":"","overlay-type":"","overlay-color":"","overlay-gradient":""},"tablet":{"background-color":"","background-image":"","background-repeat":"repeat","background-position":"center center","background-size":"auto","background-attachment":"scroll","background-type":"","background-media":"","overlay-type":"","overlay-color":"","overlay-gradient":""},"mobile":{"background-color":"","background-image":"","background-repeat":"repeat","background-position":"center center","background-size":"auto","background-attachment":"scroll","background-type":"","background-media":"","overlay-type":"","overlay-color":"","overlay-gradient":""}},"ast-content-background-meta":{"desktop":{"background-color":"var(--ast-global-color-5)","background-image":"","background-repeat":"repeat","background-position":"center center","background-size":"auto","background-attachment":"scroll","background-type":"","background-media":"","overlay-type":"","overlay-color":"","overlay-gradient":""},"tablet":{"background-color":"var(--ast-global-color-5)","background-image":"","background-repeat":"repeat","background-position":"center center","background-size":"auto","background-attachment":"scroll","background-type":"","background-media":"","overlay-type":"","overlay-color":"","overlay-gradient":""},"mobile":{"background-color":"var(--ast-global-color-5)","background-image":"","background-repeat":"repeat","background-position":"center center","background-size":"auto","background-attachment":"scroll","background-type":"","background-media":"","overlay-type":"","overlay-color":"","overlay-gradient":""}},"footnotes":""},"class_list":["post-1477","page","type-page","status-publish","hentry","desktop-align-left","tablet-align-left","mobile-align-left","ast-product-gallery-layout-horizontal-slider","ast-product-tabs-layout-horizontal"],"_links":{"self":[{"href":"https:\/\/jiangjingstone.com\/de\/wp-json\/wp\/v2\/pages\/1477","targetHints":{"allow":["GET"]}}],"collection":[{"href":"https:\/\/jiangjingstone.com\/de\/wp-json\/wp\/v2\/pages"}],"about":[{"href":"https:\/\/jiangjingstone.com\/de\/wp-json\/wp\/v2\/types\/page"}],"author":[{"embeddable":true,"href":"https:\/\/jiangjingstone.com\/de\/wp-json\/wp\/v2\/users\/1"}],"replies":[{"embeddable":true,"href":"https:\/\/jiangjingstone.com\/de\/wp-json\/wp\/v2\/comments?post=1477"}],"version-history":[{"count":19,"href":"https:\/\/jiangjingstone.com\/de\/wp-json\/wp\/v2\/pages\/1477\/revisions"}],"predecessor-version":[{"id":1656,"href":"https:\/\/jiangjingstone.com\/de\/wp-json\/wp\/v2\/pages\/1477\/revisions\/1656"}],"wp:attachment":[{"href":"https:\/\/jiangjingstone.com\/de\/wp-json\/wp\/v2\/media?parent=1477"}],"curies":[{"name":"wp","href":"https:\/\/api.w.org\/{rel}","templated":true}]}}