{"id":1674,"date":"2026-01-12T06:21:20","date_gmt":"2026-01-12T06:21:20","guid":{"rendered":"https:\/\/jiangjingstone.com\/?page_id=1674"},"modified":"2026-01-12T06:24:15","modified_gmt":"2026-01-12T06:24:15","slug":"contact-us","status":"publish","type":"page","link":"https:\/\/jiangjingstone.com\/de\/contact-us\/","title":{"rendered":"KONTAKT US"},"content":{"rendered":"<div data-elementor-type=\"wp-page\" data-elementor-id=\"1674\" class=\"elementor elementor-1674\" data-elementor-post-type=\"page\">\n\t\t\t\t<div data-particle_enable=\"false\" data-particle-mobile-disabled=\"false\" class=\"elementor-element elementor-element-f22e882 e-flex e-con-boxed e-con e-parent\" data-id=\"f22e882\" data-element_type=\"container\" data-settings=\"{&quot;ekit_has_onepagescroll_dot&quot;:&quot;yes&quot;}\">\n\t\t\t\t\t<div class=\"e-con-inner\">\n\t\t<div data-particle_enable=\"false\" data-particle-mobile-disabled=\"false\" class=\"elementor-element elementor-element-df3df0d e-con-full e-flex e-con e-child\" data-id=\"df3df0d\" data-element_type=\"container\" data-settings=\"{&quot;ekit_has_onepagescroll_dot&quot;:&quot;yes&quot;}\">\n\t\t\t\t<div class=\"elementor-element elementor-element-5a896a7 elementor-widget elementor-widget-html\" data-id=\"5a896a7\" data-element_type=\"widget\" data-settings=\"{&quot;ekit_we_effect_on&quot;:&quot;none&quot;}\" data-widget_type=\"html.default\">\n\t\t\t\t\t<!-- Font Awesome Icon Library (remove if already loaded) -->\r\n<link rel=\"stylesheet\" href=\"https:\/\/cdnjs.cloudflare.com\/ajax\/libs\/font-awesome\/6.5.0\/css\/all.min.css\">\r\n\r\n<div class=\"company-info-box\">\r\n\r\n\t<div class=\"info-item\">\r\n\t\t<i class=\"fa-solid fa-building\"><\/i>\r\n\t\t<div>\r\n\t\t\t<strong>Name des Unternehmens<\/strong>\r\n\t\t\t<p>Fujian Quanzhou Jiangjing Stone Co., Ltd.<\/p>\r\n\t\t<\/div>\r\n\t<\/div>\r\n\r\n\t<div class=\"info-item\">\r\n\t\t<i class=\"fa-solid fa-location-dot\"><\/i>\r\n\t\t<div>\r\n\t\t\t<strong>Standort des Unternehmens<\/strong>\r\n\t\t\t<p>\r\n\t\t\t\tDas Unternehmen befindet sich in der Stadt Shuitou, Nan'an, Provinz Fujian, China, die als \"Chinas Baustoffstadt\" und \"Chinas Steinstadt\" bekannt ist und einen guten Ruf im In- und Ausland genie\u00dft.\r\n\t\t\t<\/p>\r\n\t\t<\/div>\r\n\t<\/div>\r\n\r\n\t<div class=\"info-item\">\r\n\t\t<i class=\"fa-solid fa-industry\"><\/i>\r\n\t\t<div>\r\n\t\t\t<strong>Firmenprofil<\/strong>\r\n\t\t\t<p>\r\n\t\t\t\tEin modernes integriertes Steinunternehmen, das die Integration von Bergbauressourcen, Steingro\u00dfhandel, Projektvergabe, Feindekoration, kundenspezifische Formgebung, Wasserstrahlbearbeitung und Au\u00dfenhandel vereint. Das Unternehmen h\u00e4lt sich an die Managementphilosophie \"Qualit\u00e4t f\u00fcr das \u00dcberleben, Ansehen f\u00fcr die Entwicklung\" und ist bestrebt, seinen Kunden hochwertige Produkte und umfassende Dienstleistungen zu bieten.\r\n\t\t\t<\/p>\r\n\t\t<\/div>\r\n\t<\/div>\r\n\r\n\t<div class=\"info-item\">\r\n\t\t<i class=\"fa-solid fa-gem\"><\/i>\r\n\t\t<div>\r\n\t\t\t<strong>Ressourcen und Produkte f\u00fcr den Bergbau<\/strong>\r\n\t\t\t<p>\r\n\t\t\t\tZu den wichtigsten Sorten, die das Unternehmen abbaut, geh\u00f6ren: Blauer Kyanit, Jin Xiu Shan He, Bulgari-Kristall, Venice Brown, New Cold Jade, Bulgari Green und andere nat\u00fcrliche Marmore. Die monatliche F\u00f6rdermenge betr\u00e4gt 5.000 Tonnen, der langfristige Lagerbestand 80.000 Platten. Die Produkte mit ihren eleganten Mustern und ihrer feinen Textur werden von in- und ausl\u00e4ndischen Kunden hoch gelobt. Sie eignen sich f\u00fcr Arbeitsplatten zu Hause, f\u00fcr die Inneneinrichtung, f\u00fcr Villen, Clubs, Hotels, Badeh\u00e4user, KTVs und andere Projekte.\r\n\t\t\t<\/p>\r\n\t\t<\/div>\r\n\t<\/div>\r\n\r\n\t<div class=\"info-item\">\r\n\t\t<i class=\"fa-solid fa-certificate\"><\/i>\r\n\t\t<div>\r\n\t\t\t<strong>Unternehmensphilosophie &amp; Management<\/strong>\r\n\t\t\t<p>\r\n\t\t\t\tJiangjing verfolgt einen kundenorientierten und integrit\u00e4tsbasierten Ansatz und strebt nach Qualit\u00e4t, Quantit\u00e4t und wettbewerbsf\u00e4higen Preisen. Das Unternehmen setzt das ISO-Managementsystem vollst\u00e4ndig um und folgt der \u00dcberzeugung, \"die Natur dem Leben n\u00e4her zu bringen\". Es strebt eine langfristige Zusammenarbeit mit neuen und alten Kunden an, um gegenseitigen Nutzen und eine Win-Win-Entwicklung zu erreichen.\r\n\t\t\t<\/p>\r\n\t\t<\/div>\r\n\t<\/div>\r\n\r\n\t<div class=\"info-item\">\r\n\t\t<i class=\"fa-solid fa-map-marker-alt\"><\/i>\r\n\t\t<div>\r\n\t\t\t<strong>Verkaufs- und Fabrikadressen<\/strong>\r\n\t\t\t<p>\r\n\t\t\t\tVerkaufsadresse 1: No. 5A-4, 2nd Passage, Ausheng Stone Market, Shuitou Town, Nan'an City, Fujian Province<br>\r\n\t\t\t\tVerkaufsadresse 2: No. 3-3, 3rd Passage, Xishi Stone Market, Shuitou Town, Nan'an City, Fujian Province<br>\r\n\t\t\t\tVerarbeitungsbetrieb: 2. Durchgang, Zhenlei Stone Processing Area, Yongquanshan Industrial Zone, Shuitou Town\r\n\t\t\t<\/p>\r\n\t\t<\/div>\r\n\t<\/div>\r\n\r\n\t<div class=\"info-item\">\r\n\t\t<i class=\"fa-solid fa-user\"><\/i>\r\n\t\t<div>\r\n\t\t\t<strong>Kontaktperson und Telefon<\/strong>\r\n\t\t\t<p>\r\n\t\t\t\tCindy Yang (Yang Jingjie)<br>\r\n\t\t\t\tTelefon: +86 183 5954 1345 \/ +86 135 0506 9365\r\n\t\t\t<\/p>\r\n\t\t<\/div>\r\n\t<\/div>\r\n\r\n<\/div>\r\n\r\n<style>\r\n\t.company-info-box {\r\n\t\tmax-width: 600px;\r\n\t\tbackground: #fff;\r\n\t\tpadding: 20px 22px;\r\n\t\tfont-family: Arial, sans-serif;\r\n\t}\r\n\r\n\t.info-item {\r\n\t\tdisplay: flex;\r\n\t\talign-items: flex-start;\r\n\t\tmargin-bottom: 18px;\r\n\t}\r\n\r\n\t.info-item i {\r\n\t\tfont-size: 18px;\r\n\t\tcolor: #000;\r\n\t\tmargin-right: 14px;\r\n\t\tmargin-top: 4px;\r\n\t\tmin-width: 20px;\r\n\t}\r\n\r\n\t.info-item strong {\r\n\t\tdisplay: block;\r\n\t\tfont-size: 14px;\r\n\t\tcolor: #000;\r\n\t\tmargin-bottom: 4px;\r\n\t}\r\n\r\n\t.info-item p {\r\n\t\tmargin: 0;\r\n\t\tfont-size: 13px;\r\n\t\tline-height: 1.6;\r\n\t\tcolor: #333;\r\n\t}\r\n<\/style>\r\n\t\t\t\t<\/div>\n\t\t\t\t<\/div>\n\t\t<div data-particle_enable=\"false\" data-particle-mobile-disabled=\"false\" class=\"elementor-element elementor-element-ec067bf e-con-full e-flex e-con e-child\" data-id=\"ec067bf\" data-element_type=\"container\" data-settings=\"{&quot;ekit_has_onepagescroll_dot&quot;:&quot;yes&quot;}\">\n\t\t\t\t<div class=\"elementor-element elementor-element-852cd92 elementor-widget elementor-widget-shortcode\" data-id=\"852cd92\" data-element_type=\"widget\" data-settings=\"{&quot;ekit_we_effect_on&quot;:&quot;none&quot;}\" data-widget_type=\"shortcode.default\">\n\t\t\t\t\t\t\t<div class=\"elementor-shortcode\"><div class=\"wpforms-container\" id=\"wpforms-1676\"><form id=\"wpforms-form-1676\" class=\"wpforms-validate wpforms-form wpforms-ajax-form\" data-formid=\"1676\" method=\"post\" enctype=\"multipart\/form-data\" action=\"\/de\/wp-json\/wp\/v2\/pages\/1674\" data-token=\"f093a20675f178183c61f9c18a163799\" data-token-time=\"1776715791\" data-trp-original-action=\"\/de\/wp-json\/wp\/v2\/pages\/1674\"><noscript class=\"wpforms-error-noscript\">Bitte aktiviere JavaScript in deinem Browser, um dieses Formular fertigzustellen.<\/noscript><div class=\"wpforms-field-container\"><div id=\"wpforms-1676-field_1-container\" class=\"wpforms-field wpforms-field-name\" data-field-id=\"1\"><label class=\"wpforms-field-label\" for=\"wpforms-1676-field_1\">Name <span class=\"wpforms-required-label\">*<\/span><\/label><input type=\"text\" id=\"wpforms-1676-field_1\" class=\"wpforms-field-medium wpforms-field-required\" name=\"wpforms[fields][1]\" required><\/div><div id=\"wpforms-1676-field_2-container\" class=\"wpforms-field wpforms-field-email\" data-field-id=\"2\"><label class=\"wpforms-field-label\" for=\"wpforms-1676-field_2\">E-Mail <span class=\"wpforms-required-label\">*<\/span><\/label><input type=\"email\" id=\"wpforms-1676-field_2\" class=\"wpforms-field-medium wpforms-field-required\" name=\"wpforms[fields][2]\" spellcheck=\"false\" required><\/div>\t\t<div id=\"wpforms-1676-field_4-container\"\n\t\t\tclass=\"wpforms-field wpforms-field-text\"\n\t\t\tdata-field-type=\"text\"\n\t\t\tdata-field-id=\"4\"\n\t\t\t>\n\t\t\t<label class=\"wpforms-field-label\" for=\"wpforms-1676-field_4\" >Name Message Comment<\/label>\n\t\t\t<input type=\"text\" id=\"wpforms-1676-field_4\" class=\"wpforms-field-medium\" name=\"wpforms[fields][4]\" >\n\t\t<\/div>\n\t\t<div id=\"wpforms-1676-field_3-container\" class=\"wpforms-field wpforms-field-textarea\" data-field-id=\"3\"><label class=\"wpforms-field-label\" for=\"wpforms-1676-field_3\">Kommentar oder Nachricht<\/label><textarea id=\"wpforms-1676-field_3\" class=\"wpforms-field-medium\" name=\"wpforms[fields][3]\" ><\/textarea><\/div><script>\n\t\t\t\t( function() {\n\t\t\t\t\tconst style = document.createElement( 'style' );\n\t\t\t\t\tstyle.appendChild( document.createTextNode( '#wpforms-1676-field_4-container { position: absolute !important; overflow: hidden !important; display: inline !important; height: 1px !important; width: 1px !important; z-index: -1000 !important; padding: 0 !important; } #wpforms-1676-field_4-container input { visibility: hidden; } #wpforms-conversational-form-page #wpforms-1676-field_4-container label { counter-increment: none; }' ) );\n\t\t\t\t\tdocument.head.appendChild( style );\n\t\t\t\t\tdocument.currentScript?.remove();\n\t\t\t\t} )();\n\t\t\t<\/script><\/div><!-- .wpforms-field-container --><div class=\"wpforms-submit-container\" ><input type=\"hidden\" name=\"wpforms[id]\" value=\"1676\"><input type=\"hidden\" name=\"page_title\" value=\"\"><input type=\"hidden\" name=\"page_url\" value=\"https:\/\/jiangjingstone.com\/de\/wp-json\/wp\/v2\/pages\/1674\"><input type=\"hidden\" name=\"url_referer\" value=\"\"><button type=\"submit\" name=\"wpforms[submit]\" id=\"wpforms-submit-1676\" class=\"wpforms-submit\" data-alt-text=\"Sending...\" data-submit-text=\"Submit\" aria-live=\"assertive\" value=\"wpforms-submit\">Einreichen<\/button><img decoding=\"async\" data-src=\"https:\/\/jiangjingstone.com\/wp-content\/plugins\/wpforms-lite\/assets\/images\/submit-spin.svg\" class=\"wpforms-submit-spinner lazyload\" style=\"--smush-placeholder-width: 26px; --smush-placeholder-aspect-ratio: 26\/26;display: none;\" width=\"26\" height=\"26\" alt=\"Wird geladen\" src=\"data:image\/svg+xml;base64,PHN2ZyB3aWR0aD0iMSIgaGVpZ2h0PSIxIiB4bWxucz0iaHR0cDovL3d3dy53My5vcmcvMjAwMC9zdmciPjwvc3ZnPg==\"><\/div><input type=\"hidden\" name=\"trp-form-language\" value=\"de\"\/><\/form><\/div>  <!-- .wpforms-container --><\/div>\n\t\t\t\t\t\t<\/div>\n\t\t\t\t<\/div>\n\t\t\t\t\t<\/div>\n\t\t\t\t<\/div>\n\t\t\t\t<\/div>","protected":false},"excerpt":{"rendered":"<p>Company Name Fujian Quanzhou Jiangjing Stone Co., Ltd. Company Location Located in Shuitou Town, Nan&#8217;an City, Fujian Province, China, known as &#8220;China&#8217;s Building Material Town&#8221; and &#8220;China Stone City&#8221; with a strong reputation at home and abroad. Company Profile A modern integrated stone enterprise combining mining resource integration, stone wholesale, project contracting, fine decoration, custom [&hellip;]<\/p>","protected":false},"author":1,"featured_media":0,"parent":0,"menu_order":0,"comment_status":"closed","ping_status":"closed","template":"","meta":{"site-sidebar-layout":"no-sidebar","site-content-layout":"page-builder","ast-site-content-layout":"full-width-container","site-content-style":"default","site-sidebar-style":"default","ast-global-header-display":"","ast-banner-title-visibility":"","ast-main-header-display":"","ast-hfb-above-header-display":"","ast-hfb-below-header-display":"","ast-hfb-mobile-header-display":"","site-post-title":"disabled","ast-breadcrumbs-content":"","ast-featured-img":"disabled","footer-sml-layout":"","theme-transparent-header-meta":"","adv-header-id-meta":"","stick-header-meta":"","header-above-stick-meta":"","header-main-stick-meta":"","header-below-stick-meta":"","astra-migrate-meta-layouts":"set","ast-page-background-enabled":"default","ast-page-background-meta":{"desktop":{"background-color":"","background-image":"","background-repeat":"repeat","background-position":"center center","background-size":"auto","background-attachment":"scroll","background-type":"","background-media":"","overlay-type":"","overlay-color":"","overlay-gradient":""},"tablet":{"background-color":"","background-image":"","background-repeat":"repeat","background-position":"center center","background-size":"auto","background-attachment":"scroll","background-type":"","background-media":"","overlay-type":"","overlay-color":"","overlay-gradient":""},"mobile":{"background-color":"","background-image":"","background-repeat":"repeat","background-position":"center center","background-size":"auto","background-attachment":"scroll","background-type":"","background-media":"","overlay-type":"","overlay-color":"","overlay-gradient":""}},"ast-content-background-meta":{"desktop":{"background-color":"var(--ast-global-color-5)","background-image":"","background-repeat":"repeat","background-position":"center center","background-size":"auto","background-attachment":"scroll","background-type":"","background-media":"","overlay-type":"","overlay-color":"","overlay-gradient":""},"tablet":{"background-color":"var(--ast-global-color-5)","background-image":"","background-repeat":"repeat","background-position":"center center","background-size":"auto","background-attachment":"scroll","background-type":"","background-media":"","overlay-type":"","overlay-color":"","overlay-gradient":""},"mobile":{"background-color":"var(--ast-global-color-5)","background-image":"","background-repeat":"repeat","background-position":"center center","background-size":"auto","background-attachment":"scroll","background-type":"","background-media":"","overlay-type":"","overlay-color":"","overlay-gradient":""}},"footnotes":""},"class_list":["post-1674","page","type-page","status-publish","hentry"],"_links":{"self":[{"href":"https:\/\/jiangjingstone.com\/de\/wp-json\/wp\/v2\/pages\/1674","targetHints":{"allow":["GET"]}}],"collection":[{"href":"https:\/\/jiangjingstone.com\/de\/wp-json\/wp\/v2\/pages"}],"about":[{"href":"https:\/\/jiangjingstone.com\/de\/wp-json\/wp\/v2\/types\/page"}],"author":[{"embeddable":true,"href":"https:\/\/jiangjingstone.com\/de\/wp-json\/wp\/v2\/users\/1"}],"replies":[{"embeddable":true,"href":"https:\/\/jiangjingstone.com\/de\/wp-json\/wp\/v2\/comments?post=1674"}],"version-history":[{"count":5,"href":"https:\/\/jiangjingstone.com\/de\/wp-json\/wp\/v2\/pages\/1674\/revisions"}],"predecessor-version":[{"id":1682,"href":"https:\/\/jiangjingstone.com\/de\/wp-json\/wp\/v2\/pages\/1674\/revisions\/1682"}],"wp:attachment":[{"href":"https:\/\/jiangjingstone.com\/de\/wp-json\/wp\/v2\/media?parent=1674"}],"curies":[{"name":"wp","href":"https:\/\/api.w.org\/{rel}","templated":true}]}}