{"id":1477,"date":"2026-01-10T06:29:41","date_gmt":"2026-01-10T06:29:41","guid":{"rendered":"https:\/\/jiangjingstone.com\/?page_id=1477"},"modified":"2026-01-12T05:14:38","modified_gmt":"2026-01-12T05:14:38","slug":"all-products","status":"publish","type":"page","link":"https:\/\/jiangjingstone.com\/fr\/all-products\/","title":{"rendered":"All products"},"content":{"rendered":"<div data-elementor-type=\"wp-page\" data-elementor-id=\"1477\" class=\"elementor elementor-1477\" data-elementor-post-type=\"page\">\n\t\t\t\t<div data-ekitparallax=\"{&quot;ekit_section_parallax_bg&quot;:&quot;yes&quot;,&quot;ekit_section_parallax_bg_speed&quot;:&quot;0.7&quot;,&quot;elementor_lazy_load&quot;:&quot;1&quot;}\" data-particle_enable=\"false\" data-particle-mobile-disabled=\"false\" class=\"elementor-element elementor-element-789cef26 e-flex e-con-boxed e-con e-parent\" data-id=\"789cef26\" data-element_type=\"container\" data-settings=\"{&quot;background_background&quot;:&quot;classic&quot;,&quot;ekit_has_onepagescroll_dot&quot;:&quot;yes&quot;}\">\n\t\t\t\t\t<div class=\"e-con-inner\">\n\t\t\t\t<div class=\"elementor-element elementor-element-70f324d1 elementor-widget elementor-widget-elementskit-fancy-animated-text\" data-id=\"70f324d1\" data-element_type=\"widget\" data-settings=\"{&quot;ekit_we_effect_on&quot;:&quot;none&quot;}\" data-widget_type=\"elementskit-fancy-animated-text.default\">\n\t\t\t\t<div class=\"elementor-widget-container\">\n\t\t\t\t\t<div class=\"ekit-wid-con\" >            <h2 class=\"ekit-fancy-text letters rotate-2\" data-id=\"70f324d1\" data-animation-settings=\"{&quot;animationStyle&quot;:&quot;animated&quot;,&quot;animationDelay&quot;:2000,&quot;loadingBar&quot;:3800,&quot;lettersDelay&quot;:100,&quot;typeLettersDelay&quot;:150,&quot;duration&quot;:500,&quot;revealDuration&quot;:600,&quot;revealAnimationDelay&quot;:1500}\">\n                \t\t\t<span class=\"ekit-fancy-prefix-text\">\n\t\t\t\tTous\t\t\t<\/span>\n\t\t\t\t\t\t<span class=\"ekit-fancy-text-lists\">\n\t\t\t\t\t\t\t\t\t\t<b class=\"ekit-fancy-text elementor-repeater-item-2de6287 is-visible\">produits<\/b>\n\t\t\t\t\t\t\t\t\t\t<b class=\"ekit-fancy-text elementor-repeater-item-5b7c50b\">produits<\/b>\n\t\t\t\t\t\t\t\t\t\t<b class=\"ekit-fancy-text elementor-repeater-item-f83421a\">produits<\/b>\n\t\t\t\t\t\t\t\t\t<\/span>\n\t\t\t            <\/h2>\n        <\/div>\t\t\t\t<\/div>\n\t\t\t\t<\/div>\n\t\t\t\t\t<\/div>\n\t\t\t\t<\/div>\n\t\t<div data-particle_enable=\"false\" data-particle-mobile-disabled=\"false\" class=\"elementor-element elementor-element-00345fd e-flex e-con-boxed e-con e-parent\" data-id=\"00345fd\" data-element_type=\"container\" data-settings=\"{&quot;ekit_has_onepagescroll_dot&quot;:&quot;yes&quot;}\">\n\t\t\t\t\t<div class=\"e-con-inner\">\n\t\t\t\t<div class=\"elementor-element elementor-element-fc9c176 elementor-widget elementor-widget-eael-woo-product-list\" data-id=\"fc9c176\" data-element_type=\"widget\" data-settings=\"{&quot;ekit_we_effect_on&quot;:&quot;none&quot;}\" data-widget_type=\"eael-woo-product-list.default\">\n\t\t\t\t\t\n        <div class=\"eael-product-list-wrapper preset-3\">\n            <div class=\"eael-product-list-body woocommerce\">\n                <div class=\"eael-product-list-container\">\n                    <div class=\"eael-post-appender\">\n                        <div class=\"product post-1291 type-product status-publish has-post-thumbnail product_cat-uncategorized desktop-align-left tablet-align-left mobile-align-left ast-product-gallery-layout-horizontal-slider ast-product-tabs-layout-horizontal first instock shipping-taxable product-type-simple\">\n    <div class=\"eael-product-list-item\">\n        \n        <div class=\"eael-product-list-image-wrap\">\n                                                    \n                                            \n            <a href=\"https:\/\/jiangjingstone.com\/fr\/produit\/venice-brown-marble\/\" class=\"woocommerce-LoopProduct-link woocommerce-loop-product__link\" >\n            \n                <img fetchpriority=\"high\" decoding=\"async\" width=\"300\" height=\"169\" src=\"https:\/\/jiangjingstone.com\/wp-content\/uploads\/2026\/01\/dji_mimo_20260104_151806_0_1767515984769_photo-1-300x169.jpg\" class=\"attachment-medium size-medium\" alt=\"Venice Brown Marble\" loading=\"eager\" \/>            \n                               \n            <\/a>\n            \n                        <ul class=\"eael-product-list-buttons-on-hover\">\n                \n                \n                            <\/ul>\n                    <\/div>\n\n        <div class=\"eael-product-list-content-wrap\">\n                        <h2 class=\"eael-product-list-title\">\n                                <a href=\"https:\/\/jiangjingstone.com\/fr\/produit\/venice-brown-marble\/\" class=\"woocommerce-LoopProduct-link woocommerce-loop-product__link\" target=\"_blank\">\n                    Marbre brun de Venise                <\/a>\n                            <\/h2>\n                    \n            <div class=\"eael-product-list-content-header\" >\n                            <\/div>\n            <div class=\"eael-product-list-content-body\">\n                \n                                <div class=\"eael-product-list-excerpt\">\n                    Le marbre Venice Brown, avec sa base brune chaude et ses veines uniques, est un chef-d'\u0153uvre naturel. Durable et facile \u00e0 entretenir, il convient \u00e0 diverses applications haut de gamme et met en valeur...                 <\/div>\n                \n                            <\/div>\n            <div class=\"eael-product-list-content-footer\">\n                                <div class=\"eael-product-list-buttons\">\n                    \n                    \n                    <div class=\"eael-product-list-notice eael-product-list-notice-shiping-free\">\n                                            <\/div>\n                <\/div>\n                            <\/div>\n        <\/div>\n    <\/div>\n<\/div><div class=\"product post-1265 type-product status-publish has-post-thumbnail product_cat-uncategorized desktop-align-left tablet-align-left mobile-align-left ast-product-gallery-layout-horizontal-slider ast-product-tabs-layout-horizontal  instock shipping-taxable product-type-simple\">\n    <div class=\"eael-product-list-item\">\n        \n        <div class=\"eael-product-list-image-wrap\">\n                                                    \n                                            \n            <a href=\"https:\/\/jiangjingstone.com\/fr\/produit\/blue-golden-sand-marble\/\" class=\"woocommerce-LoopProduct-link woocommerce-loop-product__link\" >\n            \n                <img decoding=\"async\" width=\"300\" height=\"169\" data-src=\"https:\/\/jiangjingstone.com\/wp-content\/smush-webp\/2026\/01\/dji_mimo_20260103_161452_0_1767516049278_photo-1-300x169.jpg.webp\" class=\"attachment-medium size-medium lazyload\" alt=\"Blue Golden Sand Marble\" src=\"data:image\/svg+xml;base64,PHN2ZyB3aWR0aD0iMSIgaGVpZ2h0PSIxIiB4bWxucz0iaHR0cDovL3d3dy53My5vcmcvMjAwMC9zdmciPjwvc3ZnPg==\" style=\"--smush-placeholder-width: 300px; --smush-placeholder-aspect-ratio: 300\/169;\" data-smush-webp-fallback=\"{&quot;data-src&quot;:&quot;https:\\\/\\\/jiangjingstone.com\\\/wp-content\\\/uploads\\\/2026\\\/01\\\/dji_mimo_20260103_161452_0_1767516049278_photo-1-300x169.jpg&quot;}\" \/>            \n                               \n            <\/a>\n            \n                        <ul class=\"eael-product-list-buttons-on-hover\">\n                \n                \n                            <\/ul>\n                    <\/div>\n\n        <div class=\"eael-product-list-content-wrap\">\n                        <h2 class=\"eael-product-list-title\">\n                                <a href=\"https:\/\/jiangjingstone.com\/fr\/produit\/blue-golden-sand-marble\/\" class=\"woocommerce-LoopProduct-link woocommerce-loop-product__link\" target=\"_blank\">\n                    Marbre bleu sable dor\u00e9                <\/a>\n                            <\/h2>\n                    \n            <div class=\"eael-product-list-content-header\" >\n                            <\/div>\n            <div class=\"eael-product-list-content-body\">\n                \n                                <div class=\"eael-product-list-excerpt\">\n                    Le marbre Blue Sandstone pr\u00e9sente une base bleu-gris accentu\u00e9e par des veines dor\u00e9es, \u00e9voquant une galaxie r\u00eaveuse et remplie d'\u00e9toiles. Dur, durable, r\u00e9sistant aux taches et \u00e0 la corrosion, il s'adapte \u00e0 un large \u00e9ventail de styles d'int\u00e9rieur tout en...                 <\/div>\n                \n                            <\/div>\n            <div class=\"eael-product-list-content-footer\">\n                                <div class=\"eael-product-list-buttons\">\n                    \n                    \n                    <div class=\"eael-product-list-notice eael-product-list-notice-shiping-free\">\n                                            <\/div>\n                <\/div>\n                            <\/div>\n        <\/div>\n    <\/div>\n<\/div><div class=\"product post-1214 type-product status-publish has-post-thumbnail product_cat-uncategorized desktop-align-left tablet-align-left mobile-align-left ast-product-gallery-layout-horizontal-slider ast-product-tabs-layout-horizontal last instock shipping-taxable product-type-simple\">\n    <div class=\"eael-product-list-item\">\n        \n        <div class=\"eael-product-list-image-wrap\">\n                                                    \n                                            \n            <a href=\"https:\/\/jiangjingstone.com\/fr\/produit\/splendid-mountains-rivers-marble\/\" class=\"woocommerce-LoopProduct-link woocommerce-loop-product__link\" >\n            \n                <img decoding=\"async\" width=\"300\" height=\"169\" data-src=\"https:\/\/jiangjingstone.com\/wp-content\/smush-webp\/2026\/01\/dji_mimo_20260101_125428_0_1767249583189_photo-2-300x169.jpg.webp\" class=\"attachment-medium size-medium lazyload\" alt=\"Splendid Mountains &amp; Rivers Marble\" src=\"data:image\/svg+xml;base64,PHN2ZyB3aWR0aD0iMSIgaGVpZ2h0PSIxIiB4bWxucz0iaHR0cDovL3d3dy53My5vcmcvMjAwMC9zdmciPjwvc3ZnPg==\" style=\"--smush-placeholder-width: 300px; --smush-placeholder-aspect-ratio: 300\/169;\" data-smush-webp-fallback=\"{&quot;data-src&quot;:&quot;https:\\\/\\\/jiangjingstone.com\\\/wp-content\\\/uploads\\\/2026\\\/01\\\/dji_mimo_20260101_125428_0_1767249583189_photo-2-300x169.jpg&quot;}\" \/>            \n                               \n            <\/a>\n            \n                        <ul class=\"eael-product-list-buttons-on-hover\">\n                \n                \n                            <\/ul>\n                    <\/div>\n\n        <div class=\"eael-product-list-content-wrap\">\n                        <h2 class=\"eael-product-list-title\">\n                                <a href=\"https:\/\/jiangjingstone.com\/fr\/produit\/splendid-mountains-rivers-marble\/\" class=\"woocommerce-LoopProduct-link woocommerce-loop-product__link\" target=\"_blank\">\n                    Splendides montagnes et rivi\u00e8res Marbre                <\/a>\n                            <\/h2>\n                    \n            <div class=\"eael-product-list-content-header\" >\n                            <\/div>\n            <div class=\"eael-product-list-content-body\">\n                \n                                <div class=\"eael-product-list-excerpt\">\n                    Exquise plaque de marbre \"Montagne et rivi\u00e8re\", pr\u00e9sentant des motifs uniques de noir avec des veines grises et blanches entrelac\u00e9es, \u00e9voquant des montagnes majestueuses et des rivi\u00e8res qui s'\u00e9coulent. Qualit\u00e9 sup\u00e9rieure, duret\u00e9,...                 <\/div>\n                \n                            <\/div>\n            <div class=\"eael-product-list-content-footer\">\n                                <div class=\"eael-product-list-buttons\">\n                    \n                    \n                    <div class=\"eael-product-list-notice eael-product-list-notice-shiping-free\">\n                                            <\/div>\n                <\/div>\n                            <\/div>\n        <\/div>\n    <\/div>\n<\/div><div class=\"product post-1061 type-product status-publish has-post-thumbnail product_cat-uncategorized desktop-align-left tablet-align-left mobile-align-left ast-product-gallery-layout-horizontal-slider ast-product-tabs-layout-horizontal first instock shipping-taxable product-type-simple\">\n    <div class=\"eael-product-list-item\">\n        \n        <div class=\"eael-product-list-image-wrap\">\n                                                    \n                                            \n            <a href=\"https:\/\/jiangjingstone.com\/fr\/produit\/bvlgari-crystal\/\" class=\"woocommerce-LoopProduct-link woocommerce-loop-product__link\" >\n            \n                <img decoding=\"async\" width=\"300\" height=\"169\" data-src=\"https:\/\/jiangjingstone.com\/wp-content\/smush-webp\/2026\/01\/dji_mimo_20260101_124934_0_1767249588077_photo-2-300x169.jpg.webp\" class=\"attachment-medium size-medium lazyload\" alt=\"Bvlgari Crystal\" src=\"data:image\/svg+xml;base64,PHN2ZyB3aWR0aD0iMSIgaGVpZ2h0PSIxIiB4bWxucz0iaHR0cDovL3d3dy53My5vcmcvMjAwMC9zdmciPjwvc3ZnPg==\" style=\"--smush-placeholder-width: 300px; --smush-placeholder-aspect-ratio: 300\/169;\" data-smush-webp-fallback=\"{&quot;data-src&quot;:&quot;https:\\\/\\\/jiangjingstone.com\\\/wp-content\\\/uploads\\\/2026\\\/01\\\/dji_mimo_20260101_124934_0_1767249588077_photo-2-300x169.jpg&quot;}\" \/>            \n                               \n            <\/a>\n            \n                        <ul class=\"eael-product-list-buttons-on-hover\">\n                \n                \n                            <\/ul>\n                    <\/div>\n\n        <div class=\"eael-product-list-content-wrap\">\n                        <h2 class=\"eael-product-list-title\">\n                                <a href=\"https:\/\/jiangjingstone.com\/fr\/produit\/bvlgari-crystal\/\" class=\"woocommerce-LoopProduct-link woocommerce-loop-product__link\" target=\"_blank\">\n                    Cristal Bvlgari                <\/a>\n                            <\/h2>\n                    \n            <div class=\"eael-product-list-content-header\" >\n                            <\/div>\n            <div class=\"eael-product-list-content-body\">\n                \n                                <div class=\"eael-product-list-excerpt\">\n                    Bvlgari Crystal combine une base noire audacieuse et des veines blanches fluides dans un motif naturel abstrait. Sa surface brillante brille avec la lumi\u00e8re, parfaite pour les murs et les sols de luxe dans les maisons ou...                 <\/div>\n                \n                            <\/div>\n            <div class=\"eael-product-list-content-footer\">\n                                <div class=\"eael-product-list-buttons\">\n                    \n                    \n                    <div class=\"eael-product-list-notice eael-product-list-notice-shiping-free\">\n                                            <\/div>\n                <\/div>\n                            <\/div>\n        <\/div>\n    <\/div>\n<\/div><div class=\"product post-1009 type-product status-publish has-post-thumbnail product_cat-uncategorized desktop-align-left tablet-align-left mobile-align-left ast-product-gallery-layout-horizontal-slider ast-product-tabs-layout-horizontal  instock shipping-taxable product-type-simple\">\n    <div class=\"eael-product-list-item\">\n        \n        <div class=\"eael-product-list-image-wrap\">\n                                                    \n                                            \n            <a href=\"https:\/\/jiangjingstone.com\/fr\/produit\/bvlgari-green-marble\/\" class=\"woocommerce-LoopProduct-link woocommerce-loop-product__link\" >\n            \n                <img decoding=\"async\" width=\"300\" height=\"169\" data-src=\"https:\/\/jiangjingstone.com\/wp-content\/smush-webp\/2026\/01\/dji_mimo_20260103_173758_0_1767516008433_photo-2-300x169.jpg.webp\" class=\"attachment-medium size-medium lazyload\" alt=\"Bvlgari Green Marble\" src=\"data:image\/svg+xml;base64,PHN2ZyB3aWR0aD0iMSIgaGVpZ2h0PSIxIiB4bWxucz0iaHR0cDovL3d3dy53My5vcmcvMjAwMC9zdmciPjwvc3ZnPg==\" style=\"--smush-placeholder-width: 300px; --smush-placeholder-aspect-ratio: 300\/169;\" data-smush-webp-fallback=\"{&quot;data-src&quot;:&quot;https:\\\/\\\/jiangjingstone.com\\\/wp-content\\\/uploads\\\/2026\\\/01\\\/dji_mimo_20260103_173758_0_1767516008433_photo-2-300x169.jpg&quot;}\" \/>            \n                               \n            <\/a>\n            \n                        <ul class=\"eael-product-list-buttons-on-hover\">\n                \n                \n                            <\/ul>\n                    <\/div>\n\n        <div class=\"eael-product-list-content-wrap\">\n                        <h2 class=\"eael-product-list-title\">\n                                <a href=\"https:\/\/jiangjingstone.com\/fr\/produit\/bvlgari-green-marble\/\" class=\"woocommerce-LoopProduct-link woocommerce-loop-product__link\" target=\"_blank\">\n                    Bvlgari Marbre Vert                <\/a>\n                            <\/h2>\n                    \n            <div class=\"eael-product-list-content-header\" >\n                            <\/div>\n            <div class=\"eael-product-list-content-body\">\n                \n                                <div class=\"eael-product-list-excerpt\">\n                    Le marbre vert Bvlgari se caract\u00e9rise par des tons dominants gris-vert et profonds, parsem\u00e9s de mouchetures noires et de veines fluides, \u00e9voquant un paysage naturel. Sa surface polie capte la lumi\u00e8re avec brillance, parfaite...                 <\/div>\n                \n                            <\/div>\n            <div class=\"eael-product-list-content-footer\">\n                                <div class=\"eael-product-list-buttons\">\n                    \n                    \n                    <div class=\"eael-product-list-notice eael-product-list-notice-shiping-free\">\n                                            <\/div>\n                <\/div>\n                            <\/div>\n        <\/div>\n    <\/div>\n<\/div>                    <\/div>\n\n                    \n                <\/div>\n            <\/div>\n        <\/div>\n\n\t\t\t\t\t\t<\/div>\n\t\t\t\t\t<\/div>\n\t\t\t\t<\/div>\n\t\t\t\t<\/div>","protected":false},"excerpt":{"rendered":"<p>All products products products Venice Brown Marble Venice Brown marble, with its warm brown base and unique veining, is a natural masterpiece. Durable and easy to maintain, it suits various high &#8211; end applications and enhances the&#8230; Blue Golden Sand Marble Blue Sandstone Marble features a blue-gray base accented with golden veining, evoking a dreamy, [&hellip;]<\/p>","protected":false},"author":1,"featured_media":0,"parent":0,"menu_order":0,"comment_status":"closed","ping_status":"closed","template":"","meta":{"site-sidebar-layout":"no-sidebar","site-content-layout":"page-builder","ast-site-content-layout":"full-width-container","site-content-style":"default","site-sidebar-style":"default","ast-global-header-display":"","ast-banner-title-visibility":"","ast-main-header-display":"","ast-hfb-above-header-display":"","ast-hfb-below-header-display":"","ast-hfb-mobile-header-display":"","site-post-title":"disabled","ast-breadcrumbs-content":"","ast-featured-img":"disabled","footer-sml-layout":"","theme-transparent-header-meta":"","adv-header-id-meta":"","stick-header-meta":"","header-above-stick-meta":"","header-main-stick-meta":"","header-below-stick-meta":"","astra-migrate-meta-layouts":"set","ast-page-background-enabled":"default","ast-page-background-meta":{"desktop":{"background-color":"","background-image":"","background-repeat":"repeat","background-position":"center center","background-size":"auto","background-attachment":"scroll","background-type":"","background-media":"","overlay-type":"","overlay-color":"","overlay-gradient":""},"tablet":{"background-color":"","background-image":"","background-repeat":"repeat","background-position":"center center","background-size":"auto","background-attachment":"scroll","background-type":"","background-media":"","overlay-type":"","overlay-color":"","overlay-gradient":""},"mobile":{"background-color":"","background-image":"","background-repeat":"repeat","background-position":"center center","background-size":"auto","background-attachment":"scroll","background-type":"","background-media":"","overlay-type":"","overlay-color":"","overlay-gradient":""}},"ast-content-background-meta":{"desktop":{"background-color":"var(--ast-global-color-5)","background-image":"","background-repeat":"repeat","background-position":"center center","background-size":"auto","background-attachment":"scroll","background-type":"","background-media":"","overlay-type":"","overlay-color":"","overlay-gradient":""},"tablet":{"background-color":"var(--ast-global-color-5)","background-image":"","background-repeat":"repeat","background-position":"center center","background-size":"auto","background-attachment":"scroll","background-type":"","background-media":"","overlay-type":"","overlay-color":"","overlay-gradient":""},"mobile":{"background-color":"var(--ast-global-color-5)","background-image":"","background-repeat":"repeat","background-position":"center center","background-size":"auto","background-attachment":"scroll","background-type":"","background-media":"","overlay-type":"","overlay-color":"","overlay-gradient":""}},"footnotes":""},"class_list":["post-1477","page","type-page","status-publish","hentry","desktop-align-left","tablet-align-left","mobile-align-left","ast-product-gallery-layout-horizontal-slider","ast-product-tabs-layout-horizontal"],"_links":{"self":[{"href":"https:\/\/jiangjingstone.com\/fr\/wp-json\/wp\/v2\/pages\/1477","targetHints":{"allow":["GET"]}}],"collection":[{"href":"https:\/\/jiangjingstone.com\/fr\/wp-json\/wp\/v2\/pages"}],"about":[{"href":"https:\/\/jiangjingstone.com\/fr\/wp-json\/wp\/v2\/types\/page"}],"author":[{"embeddable":true,"href":"https:\/\/jiangjingstone.com\/fr\/wp-json\/wp\/v2\/users\/1"}],"replies":[{"embeddable":true,"href":"https:\/\/jiangjingstone.com\/fr\/wp-json\/wp\/v2\/comments?post=1477"}],"version-history":[{"count":19,"href":"https:\/\/jiangjingstone.com\/fr\/wp-json\/wp\/v2\/pages\/1477\/revisions"}],"predecessor-version":[{"id":1656,"href":"https:\/\/jiangjingstone.com\/fr\/wp-json\/wp\/v2\/pages\/1477\/revisions\/1656"}],"wp:attachment":[{"href":"https:\/\/jiangjingstone.com\/fr\/wp-json\/wp\/v2\/media?parent=1477"}],"curies":[{"name":"wp","href":"https:\/\/api.w.org\/{rel}","templated":true}]}}