{"id":1674,"date":"2026-01-12T06:21:20","date_gmt":"2026-01-12T06:21:20","guid":{"rendered":"https:\/\/jiangjingstone.com\/?page_id=1674"},"modified":"2026-01-12T06:24:15","modified_gmt":"2026-01-12T06:24:15","slug":"contact-us","status":"publish","type":"page","link":"https:\/\/jiangjingstone.com\/fr\/contact-us\/","title":{"rendered":"CONTACTEZ-NOUS"},"content":{"rendered":"<div data-elementor-type=\"wp-page\" data-elementor-id=\"1674\" class=\"elementor elementor-1674\" data-elementor-post-type=\"page\">\n\t\t\t\t<div data-particle_enable=\"false\" data-particle-mobile-disabled=\"false\" class=\"elementor-element elementor-element-f22e882 e-flex e-con-boxed e-con e-parent\" data-id=\"f22e882\" data-element_type=\"container\" data-settings=\"{&quot;ekit_has_onepagescroll_dot&quot;:&quot;yes&quot;}\">\n\t\t\t\t\t<div class=\"e-con-inner\">\n\t\t<div data-particle_enable=\"false\" data-particle-mobile-disabled=\"false\" class=\"elementor-element elementor-element-df3df0d e-con-full e-flex e-con e-child\" data-id=\"df3df0d\" data-element_type=\"container\" data-settings=\"{&quot;ekit_has_onepagescroll_dot&quot;:&quot;yes&quot;}\">\n\t\t\t\t<div class=\"elementor-element elementor-element-5a896a7 elementor-widget elementor-widget-html\" data-id=\"5a896a7\" data-element_type=\"widget\" data-settings=\"{&quot;ekit_we_effect_on&quot;:&quot;none&quot;}\" data-widget_type=\"html.default\">\n\t\t\t\t\t<!-- Font Awesome Icon Library (remove if already loaded) -->\r\n<link rel=\"stylesheet\" href=\"https:\/\/cdnjs.cloudflare.com\/ajax\/libs\/font-awesome\/6.5.0\/css\/all.min.css\">\r\n\r\n<div class=\"company-info-box\">\r\n\r\n\t<div class=\"info-item\">\r\n\t\t<i class=\"fa-solid fa-building\"><\/i>\r\n\t\t<div>\r\n\t\t\t<strong>Nom de l'entreprise<\/strong>\r\n\t\t\t<p>Fujian Quanzhou Jiangjing Stone Co, Ltd.<\/p>\r\n\t\t<\/div>\r\n\t<\/div>\r\n\r\n\t<div class=\"info-item\">\r\n\t\t<i class=\"fa-solid fa-location-dot\"><\/i>\r\n\t\t<div>\r\n\t\t\t<strong>Localisation de l'entreprise<\/strong>\r\n\t\t\t<p>\r\n\t\t\t\tSitu\u00e9e dans la ville de Shuitou, \u00e0 Nan'an, dans la province de Fujian, en Chine, connue comme la \"ville chinoise des mat\u00e9riaux de construction\" et la \"ville chinoise de la pierre\", elle jouit d'une solide r\u00e9putation dans le pays et \u00e0 l'\u00e9tranger.\r\n\t\t\t<\/p>\r\n\t\t<\/div>\r\n\t<\/div>\r\n\r\n\t<div class=\"info-item\">\r\n\t\t<i class=\"fa-solid fa-industry\"><\/i>\r\n\t\t<div>\r\n\t\t\t<strong>Profil de l'entreprise<\/strong>\r\n\t\t\t<p>\r\n\t\t\t\tIl s'agit d'une entreprise moderne de pierre int\u00e9gr\u00e9e qui combine l'int\u00e9gration des ressources mini\u00e8res, le commerce de gros de la pierre, les contrats de projet, la d\u00e9coration fine, le fa\u00e7onnage sur mesure, le traitement au jet d'eau et le commerce ext\u00e9rieur. L'entreprise adh\u00e8re \u00e0 la philosophie de gestion \"qualit\u00e9 pour la survie, r\u00e9putation pour le d\u00e9veloppement\" et s'engage \u00e0 fournir \u00e0 ses clients des produits de haute qualit\u00e9 et des services complets.\r\n\t\t\t<\/p>\r\n\t\t<\/div>\r\n\t<\/div>\r\n\r\n\t<div class=\"info-item\">\r\n\t\t<i class=\"fa-solid fa-gem\"><\/i>\r\n\t\t<div>\r\n\t\t\t<strong>Principales ressources et produits miniers<\/strong>\r\n\t\t\t<p>\r\n\t\t\t\tLes principales vari\u00e9t\u00e9s mini\u00e8res de l'entreprise sont les suivantes : Kyanite bleu, Jin Xiu Shan He, Bulgari Crystal, Venice Brown, New Cold Jade, Bulgari Green, et d'autres marbres naturels. La production mini\u00e8re mensuelle atteint 5 000 tonnes, avec un stock \u00e0 long terme de 80 000\u33a1 dalles. Avec des motifs \u00e9l\u00e9gants et une texture fine, les produits sont tr\u00e8s appr\u00e9ci\u00e9s par les clients nationaux et internationaux. Convient pour les comptoirs de maison, la d\u00e9coration int\u00e9rieure, les villas, les clubs, les h\u00f4tels, les bains, les KTV et d'autres projets.\r\n\t\t\t<\/p>\r\n\t\t<\/div>\r\n\t<\/div>\r\n\r\n\t<div class=\"info-item\">\r\n\t\t<i class=\"fa-solid fa-certificate\"><\/i>\r\n\t\t<div>\r\n\t\t\t<strong>Philosophie et gestion de l'entreprise<\/strong>\r\n\t\t\t<p>\r\n\t\t\t\tJiangjing adh\u00e8re \u00e0 une approche centr\u00e9e sur le client et fond\u00e9e sur l'int\u00e9grit\u00e9, s'effor\u00e7ant d'obtenir la qualit\u00e9, la quantit\u00e9 et des prix comp\u00e9titifs. L'entreprise met pleinement en \u0153uvre le syst\u00e8me de gestion ISO, suit la croyance \"rapprocher la nature de la vie\" et vise une coop\u00e9ration \u00e0 long terme avec les nouveaux et les anciens clients, pour un b\u00e9n\u00e9fice mutuel et un d\u00e9veloppement gagnant-gagnant.\r\n\t\t\t<\/p>\r\n\t\t<\/div>\r\n\t<\/div>\r\n\r\n\t<div class=\"info-item\">\r\n\t\t<i class=\"fa-solid fa-map-marker-alt\"><\/i>\r\n\t\t<div>\r\n\t\t\t<strong>Adresses de vente et d'usine<\/strong>\r\n\t\t\t<p>\r\n\t\t\t\tAdresse de vente 1 : No. 5A-4, 2nd Passage, Ausheng Stone Market, Shuitou Town, Nan'an City, Fujian Province<br>\r\n\t\t\t\tAdresse de vente 2 : No. 3-3, 3rd Passage, Xishi Stone Market, Shuitou Town, Nan'an City, Fujian Province<br>\r\n\t\t\t\tUsine de transformation : 2nd Passage, Zhenlei Stone Processing Area, Yongquanshan Industrial Zone, Shuitou Town\r\n\t\t\t<\/p>\r\n\t\t<\/div>\r\n\t<\/div>\r\n\r\n\t<div class=\"info-item\">\r\n\t\t<i class=\"fa-solid fa-user\"><\/i>\r\n\t\t<div>\r\n\t\t\t<strong>Personne de contact et t\u00e9l\u00e9phone<\/strong>\r\n\t\t\t<p>\r\n\t\t\t\tCindy Yang (Yang Jingjie)<br>\r\n\t\t\t\tT\u00e9l\u00e9phone : +86 183 5954 1345 \/ +86 135 0506 9365 +86 183 5954 1345 \/ +86 135 0506 9365\r\n\t\t\t<\/p>\r\n\t\t<\/div>\r\n\t<\/div>\r\n\r\n<\/div>\r\n\r\n<style>\r\n\t.company-info-box {\r\n\t\tmax-width: 600px;\r\n\t\tbackground: #fff;\r\n\t\tpadding: 20px 22px;\r\n\t\tfont-family: Arial, sans-serif;\r\n\t}\r\n\r\n\t.info-item {\r\n\t\tdisplay: flex;\r\n\t\talign-items: flex-start;\r\n\t\tmargin-bottom: 18px;\r\n\t}\r\n\r\n\t.info-item i {\r\n\t\tfont-size: 18px;\r\n\t\tcolor: #000;\r\n\t\tmargin-right: 14px;\r\n\t\tmargin-top: 4px;\r\n\t\tmin-width: 20px;\r\n\t}\r\n\r\n\t.info-item strong {\r\n\t\tdisplay: block;\r\n\t\tfont-size: 14px;\r\n\t\tcolor: #000;\r\n\t\tmargin-bottom: 4px;\r\n\t}\r\n\r\n\t.info-item p {\r\n\t\tmargin: 0;\r\n\t\tfont-size: 13px;\r\n\t\tline-height: 1.6;\r\n\t\tcolor: #333;\r\n\t}\r\n<\/style>\r\n\t\t\t\t<\/div>\n\t\t\t\t<\/div>\n\t\t<div data-particle_enable=\"false\" data-particle-mobile-disabled=\"false\" class=\"elementor-element elementor-element-ec067bf e-con-full e-flex e-con e-child\" data-id=\"ec067bf\" data-element_type=\"container\" data-settings=\"{&quot;ekit_has_onepagescroll_dot&quot;:&quot;yes&quot;}\">\n\t\t\t\t<div class=\"elementor-element elementor-element-852cd92 elementor-widget elementor-widget-shortcode\" data-id=\"852cd92\" data-element_type=\"widget\" data-settings=\"{&quot;ekit_we_effect_on&quot;:&quot;none&quot;}\" data-widget_type=\"shortcode.default\">\n\t\t\t\t\t\t\t<div class=\"elementor-shortcode\"><div class=\"wpforms-container\" id=\"wpforms-1676\"><form id=\"wpforms-form-1676\" class=\"wpforms-validate wpforms-form wpforms-ajax-form\" data-formid=\"1676\" method=\"post\" enctype=\"multipart\/form-data\" action=\"\/fr\/wp-json\/wp\/v2\/pages\/1674\" data-token=\"f093a20675f178183c61f9c18a163799\" data-token-time=\"1776711024\" data-trp-original-action=\"\/fr\/wp-json\/wp\/v2\/pages\/1674\"><noscript class=\"wpforms-error-noscript\">Veuillez activer JavaScript dans votre navigateur pour remplir ce formulaire.<\/noscript><div class=\"wpforms-field-container\"><div id=\"wpforms-1676-field_1-container\" class=\"wpforms-field wpforms-field-name\" data-field-id=\"1\"><label class=\"wpforms-field-label\" for=\"wpforms-1676-field_1\">Nom <span class=\"wpforms-required-label\">*<\/span><\/label><input type=\"text\" id=\"wpforms-1676-field_1\" class=\"wpforms-field-medium wpforms-field-required\" name=\"wpforms[fields][1]\" required><\/div>\t\t<div id=\"wpforms-1676-field_4-container\"\n\t\t\tclass=\"wpforms-field wpforms-field-text\"\n\t\t\tdata-field-type=\"text\"\n\t\t\tdata-field-id=\"4\"\n\t\t\t>\n\t\t\t<label class=\"wpforms-field-label\" for=\"wpforms-1676-field_4\" >Email or Message<\/label>\n\t\t\t<input type=\"text\" id=\"wpforms-1676-field_4\" class=\"wpforms-field-medium\" name=\"wpforms[fields][4]\" >\n\t\t<\/div>\n\t\t<div id=\"wpforms-1676-field_2-container\" class=\"wpforms-field wpforms-field-email\" data-field-id=\"2\"><label class=\"wpforms-field-label\" for=\"wpforms-1676-field_2\">Courriel <span class=\"wpforms-required-label\">*<\/span><\/label><input type=\"email\" id=\"wpforms-1676-field_2\" class=\"wpforms-field-medium wpforms-field-required\" name=\"wpforms[fields][2]\" spellcheck=\"false\" required><\/div><div id=\"wpforms-1676-field_3-container\" class=\"wpforms-field wpforms-field-textarea\" data-field-id=\"3\"><label class=\"wpforms-field-label\" for=\"wpforms-1676-field_3\">Commentaire ou message<\/label><textarea id=\"wpforms-1676-field_3\" class=\"wpforms-field-medium\" name=\"wpforms[fields][3]\" ><\/textarea><\/div><script>\n\t\t\t\t( function() {\n\t\t\t\t\tconst style = document.createElement( 'style' );\n\t\t\t\t\tstyle.appendChild( document.createTextNode( '#wpforms-1676-field_4-container { position: absolute !important; overflow: hidden !important; display: inline !important; height: 1px !important; width: 1px !important; z-index: -1000 !important; padding: 0 !important; } #wpforms-1676-field_4-container input { visibility: hidden; } #wpforms-conversational-form-page #wpforms-1676-field_4-container label { counter-increment: none; }' ) );\n\t\t\t\t\tdocument.head.appendChild( style );\n\t\t\t\t\tdocument.currentScript?.remove();\n\t\t\t\t} )();\n\t\t\t<\/script><\/div><!-- .wpforms-field-container --><div class=\"wpforms-submit-container\" ><input type=\"hidden\" name=\"wpforms[id]\" value=\"1676\"><input type=\"hidden\" name=\"page_title\" value=\"\"><input type=\"hidden\" name=\"page_url\" value=\"https:\/\/jiangjingstone.com\/fr\/wp-json\/wp\/v2\/pages\/1674\"><input type=\"hidden\" name=\"url_referer\" value=\"\"><button type=\"submit\" name=\"wpforms[submit]\" id=\"wpforms-submit-1676\" class=\"wpforms-submit\" data-alt-text=\"Sending...\" data-submit-text=\"Submit\" aria-live=\"assertive\" value=\"wpforms-submit\">Soumettre<\/button><img decoding=\"async\" data-src=\"https:\/\/jiangjingstone.com\/wp-content\/plugins\/wpforms-lite\/assets\/images\/submit-spin.svg\" class=\"wpforms-submit-spinner lazyload\" style=\"--smush-placeholder-width: 26px; --smush-placeholder-aspect-ratio: 26\/26;display: none;\" width=\"26\" height=\"26\" alt=\"Chargement en cours\" src=\"data:image\/svg+xml;base64,PHN2ZyB3aWR0aD0iMSIgaGVpZ2h0PSIxIiB4bWxucz0iaHR0cDovL3d3dy53My5vcmcvMjAwMC9zdmciPjwvc3ZnPg==\"><\/div><input type=\"hidden\" name=\"trp-form-language\" value=\"fr\"\/><\/form><\/div>  <!-- .wpforms-container --><\/div>\n\t\t\t\t\t\t<\/div>\n\t\t\t\t<\/div>\n\t\t\t\t\t<\/div>\n\t\t\t\t<\/div>\n\t\t\t\t<\/div>","protected":false},"excerpt":{"rendered":"<p>Company Name Fujian Quanzhou Jiangjing Stone Co., Ltd. Company Location Located in Shuitou Town, Nan&#8217;an City, Fujian Province, China, known as &#8220;China&#8217;s Building Material Town&#8221; and &#8220;China Stone City&#8221; with a strong reputation at home and abroad. Company Profile A modern integrated stone enterprise combining mining resource integration, stone wholesale, project contracting, fine decoration, custom [&hellip;]<\/p>","protected":false},"author":1,"featured_media":0,"parent":0,"menu_order":0,"comment_status":"closed","ping_status":"closed","template":"","meta":{"site-sidebar-layout":"no-sidebar","site-content-layout":"page-builder","ast-site-content-layout":"full-width-container","site-content-style":"default","site-sidebar-style":"default","ast-global-header-display":"","ast-banner-title-visibility":"","ast-main-header-display":"","ast-hfb-above-header-display":"","ast-hfb-below-header-display":"","ast-hfb-mobile-header-display":"","site-post-title":"disabled","ast-breadcrumbs-content":"","ast-featured-img":"disabled","footer-sml-layout":"","theme-transparent-header-meta":"","adv-header-id-meta":"","stick-header-meta":"","header-above-stick-meta":"","header-main-stick-meta":"","header-below-stick-meta":"","astra-migrate-meta-layouts":"set","ast-page-background-enabled":"default","ast-page-background-meta":{"desktop":{"background-color":"","background-image":"","background-repeat":"repeat","background-position":"center center","background-size":"auto","background-attachment":"scroll","background-type":"","background-media":"","overlay-type":"","overlay-color":"","overlay-gradient":""},"tablet":{"background-color":"","background-image":"","background-repeat":"repeat","background-position":"center center","background-size":"auto","background-attachment":"scroll","background-type":"","background-media":"","overlay-type":"","overlay-color":"","overlay-gradient":""},"mobile":{"background-color":"","background-image":"","background-repeat":"repeat","background-position":"center center","background-size":"auto","background-attachment":"scroll","background-type":"","background-media":"","overlay-type":"","overlay-color":"","overlay-gradient":""}},"ast-content-background-meta":{"desktop":{"background-color":"var(--ast-global-color-5)","background-image":"","background-repeat":"repeat","background-position":"center center","background-size":"auto","background-attachment":"scroll","background-type":"","background-media":"","overlay-type":"","overlay-color":"","overlay-gradient":""},"tablet":{"background-color":"var(--ast-global-color-5)","background-image":"","background-repeat":"repeat","background-position":"center center","background-size":"auto","background-attachment":"scroll","background-type":"","background-media":"","overlay-type":"","overlay-color":"","overlay-gradient":""},"mobile":{"background-color":"var(--ast-global-color-5)","background-image":"","background-repeat":"repeat","background-position":"center center","background-size":"auto","background-attachment":"scroll","background-type":"","background-media":"","overlay-type":"","overlay-color":"","overlay-gradient":""}},"footnotes":""},"class_list":["post-1674","page","type-page","status-publish","hentry"],"_links":{"self":[{"href":"https:\/\/jiangjingstone.com\/fr\/wp-json\/wp\/v2\/pages\/1674","targetHints":{"allow":["GET"]}}],"collection":[{"href":"https:\/\/jiangjingstone.com\/fr\/wp-json\/wp\/v2\/pages"}],"about":[{"href":"https:\/\/jiangjingstone.com\/fr\/wp-json\/wp\/v2\/types\/page"}],"author":[{"embeddable":true,"href":"https:\/\/jiangjingstone.com\/fr\/wp-json\/wp\/v2\/users\/1"}],"replies":[{"embeddable":true,"href":"https:\/\/jiangjingstone.com\/fr\/wp-json\/wp\/v2\/comments?post=1674"}],"version-history":[{"count":5,"href":"https:\/\/jiangjingstone.com\/fr\/wp-json\/wp\/v2\/pages\/1674\/revisions"}],"predecessor-version":[{"id":1682,"href":"https:\/\/jiangjingstone.com\/fr\/wp-json\/wp\/v2\/pages\/1674\/revisions\/1682"}],"wp:attachment":[{"href":"https:\/\/jiangjingstone.com\/fr\/wp-json\/wp\/v2\/media?parent=1674"}],"curies":[{"name":"wp","href":"https:\/\/api.w.org\/{rel}","templated":true}]}}